{"id":19,"date":"2021-05-31T19:32:57","date_gmt":"2021-05-31T19:32:57","guid":{"rendered":"https:\/\/shop.kepila10.fi\/?page_id=19"},"modified":"2021-06-06T10:27:26","modified_gmt":"2021-06-06T10:27:26","slug":"kepila-10-luomumarjatilan-verkkokauppa-ei-viela-kaytossa","status":"publish","type":"page","link":"https:\/\/shop.kepila10.fi\/index.php\/kepila-10-luomumarjatilan-verkkokauppa-ei-viela-kaytossa\/","title":{"rendered":"Kepil\u00e4n Tila Oy"},"content":{"rendered":"\n<p>T\u00e4st\u00e4 linkist\u00e4 p\u00e4\u00e4set tutustumaan Kepil\u00e4n Tilan nettisivuihin.<\/p>\n\n\n\n<figure class=\"wp-block-embed is-type-wp-embed is-provider-kepila-10 wp-block-embed-kepila-10\"><div class=\"wp-block-embed__wrapper\">\n<blockquote class=\"wp-embedded-content\" data-secret=\"WFOnU7e1ba\"><a href=\"https:\/\/www.kepila10.fi\/\">Etusivu<\/a><\/blockquote><iframe class=\"wp-embedded-content\" sandbox=\"allow-scripts\" security=\"restricted\" style=\"position: absolute; clip: rect(1px, 1px, 1px, 1px);\" title=\"&#8221;Etusivu&#8221; &#8212; Kepil\u00e4 10\" src=\"https:\/\/www.kepila10.fi\/embed\/#?secret=WFOnU7e1ba\" data-secret=\"WFOnU7e1ba\" width=\"600\" height=\"338\" frameborder=\"0\" marginwidth=\"0\" marginheight=\"0\" scrolling=\"no\"><\/iframe>\n<\/div><\/figure>\n\n\n\n<p><\/p>\n","protected":false},"excerpt":{"rendered":"<p>T\u00e4st\u00e4 linkist\u00e4 p\u00e4\u00e4set tutustumaan Kepil\u00e4n Tilan nettisivuihin.<\/p>\n","protected":false},"author":1,"featured_media":0,"parent":0,"menu_order":0,"comment_status":"closed","ping_status":"closed","template":"","meta":{"spay_email":""},"_links":{"self":[{"href":"https:\/\/shop.kepila10.fi\/index.php\/wp-json\/wp\/v2\/pages\/19"}],"collection":[{"href":"https:\/\/shop.kepila10.fi\/index.php\/wp-json\/wp\/v2\/pages"}],"about":[{"href":"https:\/\/shop.kepila10.fi\/index.php\/wp-json\/wp\/v2\/types\/page"}],"author":[{"embeddable":true,"href":"https:\/\/shop.kepila10.fi\/index.php\/wp-json\/wp\/v2\/users\/1"}],"replies":[{"embeddable":true,"href":"https:\/\/shop.kepila10.fi\/index.php\/wp-json\/wp\/v2\/comments?post=19"}],"version-history":[{"count":3,"href":"https:\/\/shop.kepila10.fi\/index.php\/wp-json\/wp\/v2\/pages\/19\/revisions"}],"predecessor-version":[{"id":31,"href":"https:\/\/shop.kepila10.fi\/index.php\/wp-json\/wp\/v2\/pages\/19\/revisions\/31"}],"wp:attachment":[{"href":"https:\/\/shop.kepila10.fi\/index.php\/wp-json\/wp\/v2\/media?parent=19"}],"curies":[{"name":"wp","href":"https:\/\/api.w.org\/{rel}","templated":true}]}}