{"id":10,"date":"2021-05-31T19:10:24","date_gmt":"2021-05-31T19:10:24","guid":{"rendered":"https:\/\/shop.kepila10.fi\/?post_type=product&#038;p=10"},"modified":"2021-06-15T13:30:37","modified_gmt":"2021-06-15T13:30:37","slug":"luomumansikka-5kg","status":"publish","type":"product","link":"https:\/\/shop.kepila10.fi\/index.php\/tuote\/luomumansikka-5kg\/","title":{"rendered":"Luomumansikka 5kg"},"content":{"rendered":"<p>Luomumansikka parhaimmilla &#8211; on makua, mutta ei mit\u00e4\u00e4n ylim\u00e4\u00e4r\u00e4ist\u00e4.<\/p>\n","protected":false},"excerpt":{"rendered":"<p>Luomumansikka parhaimmilla &#8211; on makua, mutta ei mit\u00e4\u00e4n ylim\u00e4\u00e4r\u00e4ist\u00e4.<\/p>\n","protected":false},"featured_media":26,"template":"","meta":{"spay_email":""},"_links":{"self":[{"href":"https:\/\/shop.kepila10.fi\/index.php\/wp-json\/wp\/v2\/product\/10"}],"collection":[{"href":"https:\/\/shop.kepila10.fi\/index.php\/wp-json\/wp\/v2\/product"}],"about":[{"href":"https:\/\/shop.kepila10.fi\/index.php\/wp-json\/wp\/v2\/types\/product"}],"wp:featuredmedia":[{"embeddable":true,"href":"https:\/\/shop.kepila10.fi\/index.php\/wp-json\/wp\/v2\/media\/26"}],"wp:attachment":[{"href":"https:\/\/shop.kepila10.fi\/index.php\/wp-json\/wp\/v2\/media?parent=10"}],"curies":[{"name":"wp","href":"https:\/\/api.w.org\/{rel}","templated":true}]}}